{"id":10,"date":"2025-03-18T20:40:29","date_gmt":"2025-03-18T20:40:29","guid":{"rendered":"https:\/\/oliuan.com.mx\/index.php\/overlapping-cells\/"},"modified":"2025-05-09T19:39:16","modified_gmt":"2025-05-09T19:39:16","slug":"overlapping-cells","status":"publish","type":"page","link":"https:\/\/oliuan.com.mx\/","title":{"rendered":"Oliuan | Servicios fiscales, contables y maquila de n\u00f3mina"},"content":{"rendered":"<div id=\"cs-content\" class=\"cs-content\"><div class=\"x-section e10-e1 ma-0 ma-1\"><div class=\"x-bg\" aria-hidden=\"true\"><div class=\"x-bg-layer-lower-image\" data-x-element-bg-layer=\"{&quot;parallaxSize&quot;:&quot;150%&quot;,&quot;parallaxDir&quot;:&quot;v&quot;,&quot;parallaxRev&quot;:false}\" style=\" background-image: url(https:\/\/oliuan.com.mx\/wp-content\/uploads\/2025\/03\/servicios-fiscales.webp); background-repeat: no-repeat; background-position: center; background-size: cover;\"><\/div><div class=\"x-bg-layer-upper-color\" style=\" background-color: #123558bb;\"><\/div><\/div><div class=\"x-container max width e10-e2 ma-7\"><div class=\"x-column x-sm x-1-2 e10-e3 ma-8\"><div class=\"x-text x-text-headline e10-e4 ma-9 ma-a ma-b ma-c ma-d ma-e ma-f\"><div class=\"x-text-content\"><div class=\"x-text-content-text\"><h1 class=\"x-text-content-text-primary\">Servicios fiscales, contables y  maquila de n&oacute;mina<\/h1>\n<\/div><\/div><\/div><\/div><div class=\"x-column x-sm x-1-2 e10-e5 ma-8\"><a class=\"x-anchor x-anchor-button has-graphic e10-e6 ma-u ma-v ma-w\" tabindex=\"0\" href=\"https:\/\/api.whatsapp.com\/send?phone=525539483193&amp;text=Les%20escribo%20desde%20su%20sitio.%20Estoy%20interesado%20en%20sus%20servicios,%20%C2%BFme%20pueden%20dar%20m%C3%A1s%20informaci%C3%B3n?\" target=\"_blank\"><div class=\"x-anchor-content\"><span class=\"x-graphic\" aria-hidden=\"true\"><i class=\"x-icon x-graphic-child x-graphic-icon x-graphic-primary\" aria-hidden=\"true\" data-x-icon-b=\"&#xf232;\"><\/i><i class=\"x-icon x-graphic-child x-graphic-icon x-graphic-secondary\" aria-hidden=\"true\" data-x-icon-s=\"&#xf101;\"><\/i><\/span><div class=\"x-anchor-text\"><span class=\"x-anchor-text-primary\" data-x-single-anim=\"x-flip-x\">Contacto<\/span><span class=\"x-anchor-text-secondary\" data-x-single-anim=\"x-flip-x\">Estamos para servirle<\/span><\/div><\/div><\/a><\/div><\/div><div class=\"x-row x-container max width e10-e7 ma-12 ma-13 ma-14 ma-15 ma-19\"><div class=\"x-row-inner\"><div class=\"x-col e10-e8 ma-1c ma-1d ma-1e\"><div class=\"x-text x-content e10-e9 ma-1j ma-1k\"><p>Ofrecemos soluciones personalizadas para tu negocio y tranquilidad financiera<\/p><\/div><\/div><\/div><\/div><\/div><div class=\"x-section e10-e10 ma-0 ma-2\"><div class=\"x-container e10-e11 ma-7\"><div class=\"x-column x-sm x-1-1 e10-e12 ma-8\"><a class=\"x-anchor x-anchor-button has-graphic e10-e13 ma-v ma-w ma-x ma-y\" tabindex=\"0\" href=\"#contacto\"><div class=\"x-anchor-content\"><span class=\"x-graphic\" aria-hidden=\"true\"><i class=\"x-icon x-graphic-child x-graphic-icon x-graphic-primary\" aria-hidden=\"true\" data-x-icon-s=\"&#xf105;\"><\/i><i class=\"x-icon x-graphic-child x-graphic-icon x-graphic-secondary\" aria-hidden=\"true\" data-x-icon-s=\"&#xf101;\"><\/i><\/span><div class=\"x-anchor-text\"><span class=\"x-anchor-text-primary\">Escr\u00edbenos<\/span><\/div><\/div><\/a><\/div><\/div><\/div><div class=\"x-section e10-e14 ma-0 ma-3\"><div class=\"x-grid x-container max width has-particle e10-e15 ma-1o ma-1p ma-5 ma-6 x-effect-exit\" data-x-effect=\"{&quot;scroll&quot;:true,&quot;offsetTop&quot;:&quot;10%&quot;,&quot;offsetBottom&quot;:&quot;10%&quot;,&quot;behaviorScroll&quot;:&quot;fire-once&quot;,&quot;animationEnter&quot;:&quot;fadeInLeftBig&quot;,&quot;animationExit&quot;:&quot;rollOut&quot;}\"><div class=\"x-cell e10-e16 ma-1r ma-1s ma-1t\"><div class=\"x-text x-text-headline has-graphic e10-e17 ma-9 ma-a ma-c ma-g ma-h ma-i ma-j ma-k\"><div class=\"x-text-content\"><span class=\"x-graphic\" aria-hidden=\"true\"><span class=\"x-image x-graphic-child x-graphic-image x-graphic-primary\"><img decoding=\"async\" src=\"https:\/\/oliuan.com.mx\/wp-content\/uploads\/2024\/12\/overlapping-cells-graphic.png\" width=\"48\" height=\"48\" alt=\"Keyboard Shortcuts\" loading=\"lazy\"><\/span><\/span><div class=\"x-text-content-text\"><h2 class=\"x-text-content-text-primary\">Asesor&iacute;a Fiscal<\/h2>\n<span class=\"x-text-content-text-subheadline\">Optimiza tus impuestos y cumple con normativas.<\/span><\/div><\/div><\/div><\/div><div class=\"x-cell e10-e18 ma-1t ma-1u ma-1v\"><div class=\"x-bg\" aria-hidden=\"true\"><div class=\"x-bg-layer-lower-image\" style=\" background-image: url(https:\/\/oliuan.com.mx\/wp-content\/uploads\/2024\/12\/overlapping-cells-bg.jpg); background-repeat: no-repeat; background-position: center; background-size: cover;\"><\/div><div class=\"x-bg-layer-upper-color\" style=\" background-color: #12355883;\"><\/div><\/div><div class=\"x-text x-text-headline has-graphic e10-e19 ma-9 ma-c ma-d ma-e ma-f ma-g ma-h ma-l ma-m ma-n ma-o\"><div class=\"x-text-content\"><span class=\"x-graphic\" aria-hidden=\"true\"><i class=\"x-icon x-graphic-child x-graphic-icon x-graphic-primary\" aria-hidden=\"true\" data-x-icon-s=\"&#xf0c8;\"><\/i><\/span><div class=\"x-text-content-text\"><h2 class=\"x-text-content-text-primary\">Asesor\u00eda Fiscal.<\/h2>\n<\/div><\/div><\/div><\/div><span class=\"x-particle is-primary\" data-x-particle=\"scale-y inside-b_c\" aria-hidden=\"true\"><span style=\"\"><\/span><\/span><\/div><\/div><div class=\"x-section e10-e20 ma-0 ma-3\"><div class=\"x-grid x-container max width e10-e21 ma-1o ma-1q ma-5 x-effect-exit\" data-x-effect=\"{&quot;scroll&quot;:true,&quot;offsetTop&quot;:&quot;10%&quot;,&quot;offsetBottom&quot;:&quot;10%&quot;,&quot;behaviorScroll&quot;:&quot;fire-once&quot;,&quot;animationEnter&quot;:&quot;fadeInRightBig&quot;,&quot;animationExit&quot;:&quot;rollOut&quot;}\"><div class=\"x-cell e10-e22 ma-1s ma-1t ma-1u\"><div class=\"x-text x-text-headline has-graphic e10-e23 ma-9 ma-a ma-c ma-g ma-h ma-i ma-j ma-k\"><div class=\"x-text-content\"><span class=\"x-graphic\" aria-hidden=\"true\"><span class=\"x-image x-graphic-child x-graphic-image x-graphic-primary\"><img decoding=\"async\" src=\"https:\/\/oliuan.com.mx\/wp-content\/uploads\/2024\/12\/overlapping-cells-graphic.png\" width=\"48\" height=\"48\" alt=\"Keyboard Shortcuts\" loading=\"lazy\"><\/span><\/span><div class=\"x-text-content-text\"><h2 class=\"x-text-content-text-primary\">Nominas Seguras<\/h2>\n<span class=\"x-text-content-text-subheadline\">Gesti&oacute;n contable eficiente<\/span><\/div><\/div><\/div><\/div><div class=\"x-cell e10-e24 ma-1r ma-1t ma-1v\"><div class=\"x-bg\" aria-hidden=\"true\"><div class=\"x-bg-layer-lower-image\" style=\" background-image: url(https:\/\/oliuan.com.mx\/wp-content\/uploads\/2024\/12\/overlapping-cells-bg.jpg); background-repeat: no-repeat; background-position: center; background-size: cover;\"><\/div><div class=\"x-bg-layer-upper-color\" style=\" background-color: #12355883;\"><\/div><\/div><div class=\"x-text x-text-headline has-graphic e10-e25 ma-9 ma-c ma-d ma-e ma-f ma-g ma-h ma-l ma-m ma-n ma-p\"><div class=\"x-text-content\"><span class=\"x-graphic\" aria-hidden=\"true\"><i class=\"x-icon x-graphic-child x-graphic-icon x-graphic-primary\" aria-hidden=\"true\" data-x-icon-s=\"&#xf0c8;\"><\/i><\/span><div class=\"x-text-content-text\"><h2 class=\"x-text-content-text-primary\">N\u00f3minas seguras.<\/h2>\n<\/div><\/div><\/div><\/div><\/div><\/div><div class=\"x-section e10-e26 ma-0 ma-3\"><div class=\"x-grid x-container max width e10-e27 ma-1o ma-1p ma-5 x-effect-exit\" data-x-effect=\"{&quot;scroll&quot;:true,&quot;offsetTop&quot;:&quot;10%&quot;,&quot;offsetBottom&quot;:&quot;10%&quot;,&quot;behaviorScroll&quot;:&quot;fire-once&quot;,&quot;animationEnter&quot;:&quot;fadeInUpBig&quot;,&quot;animationExit&quot;:&quot;rollOut&quot;}\"><div class=\"x-cell e10-e28 ma-1r ma-1s ma-1t ma-1w\"><div class=\"x-text x-text-headline has-graphic e10-e29 ma-9 ma-a ma-c ma-g ma-h ma-i ma-j ma-k\"><div class=\"x-text-content\"><span class=\"x-graphic\" aria-hidden=\"true\"><span class=\"x-image x-graphic-child x-graphic-image x-graphic-primary\"><img decoding=\"async\" src=\"https:\/\/oliuan.com.mx\/wp-content\/uploads\/2024\/12\/overlapping-cells-graphic.png\" width=\"48\" height=\"48\" alt=\"Keyboard Shortcuts\" loading=\"lazy\"><\/span><\/span><div class=\"x-text-content-text\"><h2 class=\"x-text-content-text-primary\">Gestion de personal simplificada<\/h2>\n<span class=\"x-text-content-text-subheadline\">Controla tus finanzas con precision y transparencia.<\/span><\/div><\/div><\/div><\/div><div class=\"x-cell e10-e30 ma-1t ma-1u ma-1v\"><div class=\"x-bg\" aria-hidden=\"true\"><div class=\"x-bg-layer-lower-image\" style=\" background-image: url(https:\/\/oliuan.com.mx\/wp-content\/uploads\/2024\/12\/overlapping-cells-bg.jpg); background-repeat: no-repeat; background-position: center; background-size: cover;\"><\/div><div class=\"x-bg-layer-upper-color\" style=\" background-color: #12355883;\"><\/div><\/div><div class=\"x-text x-text-headline has-graphic e10-e31 ma-9 ma-c ma-d ma-e ma-f ma-g ma-h ma-l ma-m ma-n ma-p\"><div class=\"x-text-content\"><span class=\"x-graphic\" aria-hidden=\"true\"><i class=\"x-icon x-graphic-child x-graphic-icon x-graphic-primary\" aria-hidden=\"true\" data-x-icon-s=\"&#xf0c8;\"><\/i><\/span><div class=\"x-text-content-text\"><h2 class=\"x-text-content-text-primary\">Gesti\u00f3n de personal simplificada.<\/h2>\n<\/div><\/div><\/div><\/div><\/div><\/div><div class=\"x-section e10-e32 ma-0 ma-4\"><div class=\"x-bg\" aria-hidden=\"true\"><div class=\"x-bg-layer-lower-image\" data-x-element-bg-layer=\"{&quot;parallaxSize&quot;:&quot;150%&quot;,&quot;parallaxDir&quot;:&quot;h&quot;,&quot;parallaxRev&quot;:false}\" style=\" background-image: url(https:\/\/oliuan.com.mx\/wp-content\/uploads\/2025\/03\/Oliuan-logo.webp); background-repeat: no-repeat; background-position: center; background-size: 50% auto;;\"><\/div><\/div><div class=\"x-row x-container max width e10-e33 ma-12 ma-15 ma-16 ma-17 ma-1a\"><div class=\"x-bg\" aria-hidden=\"true\"><div class=\"x-bg-layer-lower-color\" style=\" background-color: #fffffff3;\"><\/div><\/div><div class=\"x-row-inner\"><div class=\"x-col e10-e34 ma-1c ma-1f ma-1g\"><div class=\"x-text x-text-headline e10-e35 ma-9 ma-a ma-c ma-e ma-g ma-k ma-n ma-q\"><div class=\"x-text-content\"><div class=\"x-text-content-text\"><h2 class=\"x-text-content-text-primary\">Contacto<\/h2>\n<\/div><\/div><\/div><hr class=\"x-line e10-e36 ma-1x ma-1y\"\/><div class=\"x-text x-text-headline has-graphic e10-e37 ma-9 ma-a ma-d ma-e ma-g ma-h ma-k ma-m ma-n ma-r ma-s\"><div class=\"x-text-content\"><span class=\"x-graphic\" aria-hidden=\"true\"><i class=\"x-icon x-graphic-child x-graphic-icon x-graphic-primary\" aria-hidden=\"true\" data-x-icon-l=\"&#xf5a0;\"><\/i><\/span><div class=\"x-text-content-text\"><h2 class=\"x-text-content-text-primary\">Av. Revoluci\u00f3n 1225<br \/>Los Alpes, \u00c1lvaro Obreg\u00f3n.<br \/>01010 Ciudad de M\u00e9xico.<\/h2>\n<\/div><\/div><\/div><hr class=\"x-line e10-e38 ma-1y ma-1z\"\/><div class=\"x-text x-text-headline has-graphic e10-e39 ma-9 ma-a ma-d ma-e ma-g ma-h ma-k ma-m ma-n ma-r ma-s\"><div class=\"x-text-content\"><span class=\"x-graphic\" aria-hidden=\"true\"><i class=\"x-icon x-graphic-child x-graphic-icon x-graphic-primary\" aria-hidden=\"true\" data-x-icon-l=\"&#x40;\"><\/i><\/span><div class=\"x-text-content-text\"><h2 class=\"x-text-content-text-primary\">contacto@oliuan.com.mx<\/h2>\n<\/div><\/div><\/div><hr class=\"x-line e10-e40 ma-1y ma-1z\"\/><a href=\"tel:5539483193\" class=\"x-text x-text-headline has-graphic e10-e41 ma-9 ma-a ma-d ma-e ma-g ma-h ma-k ma-m ma-n ma-r ma-s\"><div class=\"x-text-content\"><span class=\"x-graphic\" aria-hidden=\"true\"><i class=\"x-icon x-graphic-child x-graphic-icon x-graphic-primary\" aria-hidden=\"true\" data-x-icon-l=\"&#xf2a0;\"><\/i><\/span><div class=\"x-text-content-text\"><h2 class=\"x-text-content-text-primary\">55 3948-3193<\/h2>\n<\/div><\/div><\/a><hr class=\"x-line e10-e42 ma-1y ma-1z\"\/><div class=\"x-text x-text-headline has-graphic e10-e43 ma-9 ma-a ma-d ma-e ma-g ma-h ma-k ma-m ma-n ma-r ma-s\"><div class=\"x-text-content\"><span class=\"x-graphic\" aria-hidden=\"true\"><i class=\"x-icon x-graphic-child x-graphic-icon x-graphic-primary\" aria-hidden=\"true\" data-x-icon-l=\"&#xf017;\"><\/i><\/span><div class=\"x-text-content-text\"><h2 class=\"x-text-content-text-primary\">Horario: L-V 9-6pm<\/h2>\n<\/div><\/div><\/div><hr class=\"x-line e10-e44 ma-1y ma-20\"\/><div class=\"x-row e10-e45 ma-12 ma-14 ma-16 ma-18 ma-1b\"><div class=\"x-row-inner\"><div class=\"x-col e10-e46 ma-1c ma-1d ma-1e ma-1f ma-1h\"><a class=\"x-anchor x-anchor-button has-graphic e10-e47 ma-v ma-y ma-z ma-10\" tabindex=\"0\" href=\"#\"><div class=\"x-anchor-content\"><span class=\"x-graphic\" aria-hidden=\"true\"><i class=\"x-icon x-graphic-child x-graphic-icon x-graphic-primary\" aria-hidden=\"true\" data-x-icon-b=\"&#xf39f;\"><\/i><\/span><\/div><\/a><a class=\"x-anchor x-anchor-button has-graphic e10-e48 ma-v ma-y ma-z ma-10\" tabindex=\"0\" href=\"https:\/\/api.whatsapp.com\/send?phone=525539483193&amp;text=Les%20escribo%20desde%20su%20sitio.%20Estoy%20interesado%20en%20sus%20servicios,%20%C2%BFme%20pueden%20dar%20m%C3%A1s%20informaci%C3%B3n?\"><div class=\"x-anchor-content\"><span class=\"x-graphic\" aria-hidden=\"true\"><i class=\"x-icon x-graphic-child x-graphic-icon x-graphic-primary\" aria-hidden=\"true\" data-x-icon-b=\"&#xf232;\"><\/i><\/span><\/div><\/a><a class=\"x-anchor x-anchor-button has-graphic e10-e49 ma-v ma-y ma-z ma-11\" tabindex=\"0\" href=\"tel:5539483193\"><div class=\"x-anchor-content\"><span class=\"x-graphic\" aria-hidden=\"true\"><i class=\"x-icon x-graphic-child x-graphic-icon x-graphic-primary\" aria-hidden=\"true\" data-x-icon-b=\"&#xf409;\"><\/i><\/span><\/div><\/a><\/div><\/div><\/div><\/div><div class=\"x-col e10-e50 ma-1c ma-1d ma-1i\"><div class=\"x-text x-text-headline e10-e51 ma-9 ma-a ma-g ma-j ma-k ma-s ma-t\"><div class=\"x-text-content\"><div class=\"x-text-content-text\"><h2 class=\"x-text-content-text-primary\">Aclaremos sus dudas<\/h2>\n<\/div><\/div><\/div><div class=\"x-text x-content e10-e52 ma-1k ma-1l ma-1m\"><p>Escr&iacute;banos, le responderemos lo antes posible&nbsp;<\/p><\/div><hr class=\"x-line e10-e53 ma-1y ma-21\"\/><div class=\"x-form-integration x-form-integration-embed e10-e54 ma-22\" id=\"contacto\"><div class='fluentform ff-inherit-theme-style fluentform_wrapper_3'><form data-form_id=\"3\" id=\"fluentform_3\" class=\"frm-fluent-form fluent_form_3 ff-el-form-top ff_form_instance_3_1 ff-form-loading ffs_inherit_theme\" data-form_instance=\"ff_form_instance_3_1\" method=\"POST\" ><fieldset  style=\"border: none!important;margin: 0!important;padding: 0!important;background-color: transparent!important;box-shadow: none!important;outline: none!important; min-inline-size: 100%;\">\n                    <legend class=\"ff_screen_reader_title\" style=\"display: block; margin: 0!important;padding: 0!important;height: 0!important;text-indent: -999999px;width: 0!important;overflow:hidden;\">Partnership application form (#3)<\/legend><input type='hidden' name='__fluent_form_embded_post_id' value='10' \/><input type=\"hidden\" id=\"_fluentform_3_fluentformnonce\" name=\"_fluentform_3_fluentformnonce\" value=\"5eb680aa3d\" \/><input type=\"hidden\" name=\"_wp_http_referer\" value=\"\/index.php\/wp-json\/wp\/v2\/pages\/10\" \/><div class=\"ff-el-group ff-el-section-break  ff_left\" data-name=\"section_break-3_1\" ><h3 class='ff-el-section-title'>Solicitud de contacto<\/h3><div class='ff-section_break_desk'><p>Agradecemos su inter\u00e9s en nuestros servicios. Para iniciar escr\u00edbamos por este medio y estaremos en contacto lo antes posible.<\/p><\/div><hr \/><\/div><div data-type=\"name-element\" data-name=\"names\" class=\" ff-field_container ff-name-field-wrapper\" ><div class='ff-t-container'><div class='ff-t-cell '><div class='ff-el-group ff-el-form-top'><div class=\"ff-el-input--label ff-el-is-required asterisk-right\"><label for='ff_3_names_first_name_' >Nombre<\/label><\/div><div class='ff-el-input--content'><input type=\"text\" name=\"names[first_name]\" id=\"ff_3_names_first_name_\" class=\"ff-el-form-control\" placeholder=\"Introduzca su nombre\" aria-invalid=\"false\" aria-required=true><\/div><\/div><\/div><div class='ff-t-cell '><div class='ff-el-group ff-el-form-top'><div class=\"ff-el-input--label ff-el-is-required asterisk-right\"><label for='ff_3_names_last_name_' >Apellidos<\/label><\/div><div class='ff-el-input--content'><input type=\"text\" name=\"names[last_name]\" id=\"ff_3_names_last_name_\" class=\"ff-el-form-control\" placeholder=\"Introduzca sus apellidos\" aria-invalid=\"false\" aria-required=true><\/div><\/div><\/div><\/div><\/div><div data-name=\"ff_cn_id_1\"  class='ff-t-container ff-column-container ff_columns_total_2  '><div class='ff-t-cell ff-t-column-1' style='flex-basis: 50%;'><div class='ff-el-group'><div class=\"ff-el-input--label ff-el-is-required asterisk-right\"><label for='ff_3_input_text' aria-label=\"Empresa\">Empresa<\/label><\/div><div class='ff-el-input--content'><input type=\"text\" name=\"input_text\" class=\"ff-el-form-control\" placeholder=\"Nombre de su empresa\" data-name=\"input_text\" id=\"ff_3_input_text\"  aria-invalid=\"false\" aria-required=true><\/div><\/div><\/div><div class='ff-t-cell ff-t-column-2' style='flex-basis: 50%;'><div class='ff-el-group'><div class=\"ff-el-input--label ff-el-is-required asterisk-right\"><label for='ff_3_email' aria-label=\"Correo electr\u00f3nico\">Correo electr\u00f3nico<\/label><\/div><div class='ff-el-input--content'><input type=\"email\" name=\"email\" id=\"ff_3_email\" class=\"ff-el-form-control\" placeholder=\"email\" data-name=\"email\"  aria-invalid=\"false\" aria-required=true><\/div><\/div><\/div><\/div><div data-name=\"ff_cn_id_2\"  class='ff-t-container ff-column-container ff_columns_total_2  '><div class='ff-t-cell ff-t-column-1' style='flex-basis: 50%;'><div class='ff-el-group'><div class=\"ff-el-input--label asterisk-right\"><label for='ff_3_input_text_2' aria-label=\"N\u00famero de empleados\">N\u00famero de empleados<\/label><\/div><div class='ff-el-input--content'><input type=\"text\" name=\"input_text_2\" class=\"ff-el-form-control\" placeholder=\"Opcional\" data-name=\"input_text_2\" id=\"ff_3_input_text_2\"  aria-invalid=\"false\" aria-required=false><\/div><\/div><\/div><div class='ff-t-cell ff-t-column-2' style='flex-basis: 50%;'><div class='ff-el-group'><div class=\"ff-el-input--label ff-el-is-required asterisk-right\"><label for='ff_3_phone' aria-label=\"Tel\u00e9fono\">Tel\u00e9fono<\/label><\/div><div class='ff-el-input--content'><input name=\"phone\" class=\"ff-el-form-control ff-el-phone\" type=\"tel\" placeholder=\"Celular\" data-name=\"phone\" id=\"ff_3_phone\" inputmode=\"tel\"  aria-invalid='false' aria-required=true><\/div><\/div><\/div><\/div><div class='ff-el-group'><div class=\"ff-el-input--label ff-el-is-required asterisk-right\"><label  aria-label=\"Servicio de inter\u00e9s\">Servicio de inter\u00e9s<\/label><\/div><div class='ff-el-input--content'><div class='ff-el-form-check ff-el-form-check-'><label class='ff-el-form-check-label' for=checkbox_2497ffdae2aae97d8db0138631ed1d72><input  type=\"checkbox\" name=\"checkbox[]\" data-name=\"checkbox\" class=\"ff-el-form-check-input ff-el-form-check-checkbox\" value=\"Servicios fiscales\"  id='checkbox_2497ffdae2aae97d8db0138631ed1d72' aria-label='Servicios fiscales' aria-invalid='false' aria-required=true> <span>Servicios fiscales<\/span><\/label><\/div><div class='ff-el-form-check ff-el-form-check-'><label class='ff-el-form-check-label' for=checkbox_6cf96dec842797cabf9de1363345e7c0><input  type=\"checkbox\" name=\"checkbox[]\" data-name=\"checkbox\" class=\"ff-el-form-check-input ff-el-form-check-checkbox\" value=\"Servicios contables\"  id='checkbox_6cf96dec842797cabf9de1363345e7c0' aria-label='Servicios contables' aria-invalid='false' aria-required=true> <span>Servicios contables<\/span><\/label><\/div><div class='ff-el-form-check ff-el-form-check-'><label class='ff-el-form-check-label' for=checkbox_655a06f091842b3521a70f5c5fdf9eb7><input  type=\"checkbox\" name=\"checkbox[]\" data-name=\"checkbox\" class=\"ff-el-form-check-input ff-el-form-check-checkbox\" value=\"Maquila de N\u00f3mina\"  id='checkbox_655a06f091842b3521a70f5c5fdf9eb7' aria-label='Maquila de N\u00f3mina' aria-invalid='false' aria-required=true> <span>Maquila de N\u00f3mina<\/span><\/label><\/div><div class='ff-el-form-check ff-el-form-check-'><label class='ff-el-form-check-label' for=checkbox_538fc9273890d92ae3d4a576a45af328><input  type=\"checkbox\" name=\"checkbox[]\" data-name=\"checkbox\" class=\"ff-el-form-check-input ff-el-form-check-checkbox\" value=\"Otro\"  id='checkbox_538fc9273890d92ae3d4a576a45af328' aria-label='Otro' aria-invalid='false' aria-required=true> <span>Otro<\/span><\/label><\/div><\/div><\/div><div class=\"ff-el-group ff-el-section-break  ff_left\" data-name=\"section_break-3_2\" ><h3 class='ff-el-section-title'><\/h3><div class='ff-section_break_desk'><\/div><hr \/><\/div><div class='ff-el-group ff-text-left ff_submit_btn_wrapper'><button type=\"submit\" class=\"ff-btn ff-btn-submit ff-btn-md ff_btn_no_style\" >Enviar<\/button><\/div><\/fieldset><\/form><div id='fluentform_3_errors' class='ff-errors-in-stack ff_form_instance_3_1 ff-form-loading_errors ff_form_instance_3_1_errors'><\/div><\/div>        <script type=\"text\/javascript\">\n            window.fluent_form_ff_form_instance_3_1 = {\"id\":\"3\",\"settings\":{\"layout\":{\"labelPlacement\":\"top\",\"asteriskPlacement\":\"asterisk-right\",\"helpMessagePlacement\":\"with_label\",\"errorMessagePlacement\":\"inline\",\"cssClassName\":\"\"},\"restrictions\":{\"denyEmptySubmission\":{\"enabled\":false}}},\"form_instance\":\"ff_form_instance_3_1\",\"form_id_selector\":\"fluentform_3\",\"rules\":{\"names[first_name]\":{\"required\":{\"value\":true,\"message\":\"Este campo es obligatorio\",\"global_message\":\"Este campo es obligatorio\",\"global\":true}},\"names[middle_name]\":{\"required\":{\"value\":false,\"message\":\"Este campo es obligatorio\",\"global_message\":\"Este campo es obligatorio\",\"global\":true}},\"names[last_name]\":{\"required\":{\"value\":true,\"message\":\"Este campo es obligatorio\",\"global_message\":\"Este campo es obligatorio\",\"global\":true}},\"input_text\":{\"required\":{\"value\":true,\"message\":\"Este campo es obligatorio\",\"global\":true,\"global_message\":\"Este campo es obligatorio\"}},\"email\":{\"required\":{\"value\":true,\"message\":\"Este campo es obligatorio\",\"global_message\":\"Este campo es obligatorio\",\"global\":true},\"email\":{\"value\":true,\"message\":\"Este campo debe contener un correo electr\\u00f3nico v\\u00e1lido\",\"global_message\":\"Este campo debe contener un correo electr\\u00f3nico v\\u00e1lido\",\"global\":true}},\"input_text_2\":{\"required\":{\"value\":false,\"message\":\"Este campo es obligatorio\",\"global\":true,\"global_message\":\"Este campo es obligatorio\"}},\"phone\":{\"required\":{\"value\":true,\"message\":\"This field is required\"},\"valid_phone_number\":{\"value\":false,\"message\":\"Phone number is not valid\"}},\"checkbox\":{\"required\":{\"value\":true,\"message\":\"Este campo es obligatorio\",\"global\":true,\"global_message\":\"Este campo es obligatorio\"}}},\"debounce_time\":300};\n                    <\/script>\n        <\/div><hr class=\"x-line e10-e55 ma-1y ma-21\"\/><div class=\"x-text x-content e10-e56 ma-1k ma-1l ma-1n\"><p><b>OLIUAN. Innovaci&oacute;n y estrategias de valor para su negocio.<\/b><\/p><\/div><\/div><\/div><\/div><\/div><\/div>\n","protected":false},"excerpt":{"rendered":"<p>Servicios fiscales, contables y maquila de n&oacute;mina ContactoEstamos para servirleOfrecemos soluciones personalizadas para tu negocio y tranquilidad financieraEscr\u00edbenosAsesor&iacute;a Fiscal Optimiza tus impuestos y cumple con normativas.Asesor\u00eda Fiscal. Nominas Seguras Gesti&oacute;n contable eficienteN\u00f3minas seguras. Gestion de personal simplificada Controla tus finanzas con precision y transparencia.Gesti\u00f3n de personal simplificada. Contacto Av. Revoluci\u00f3n 1225Los Alpes, \u00c1lvaro Obreg\u00f3n.01010 Ciudad de M\u00e9xico. contacto@oliuan.com.mx 55 3948-3193 &#8230; <\/p>\n<div><a href=\"https:\/\/oliuan.com.mx\/\" class=\"more-link\">Read More<\/a><\/div>\n","protected":false},"author":1,"featured_media":0,"parent":0,"menu_order":0,"comment_status":"closed","ping_status":"closed","template":"template-blank-4.php","meta":{"footnotes":""},"class_list":["post-10","page","type-page","status-publish","hentry","no-post-thumbnail"],"_links":{"self":[{"href":"https:\/\/oliuan.com.mx\/index.php\/wp-json\/wp\/v2\/pages\/10","targetHints":{"allow":["GET"]}}],"collection":[{"href":"https:\/\/oliuan.com.mx\/index.php\/wp-json\/wp\/v2\/pages"}],"about":[{"href":"https:\/\/oliuan.com.mx\/index.php\/wp-json\/wp\/v2\/types\/page"}],"author":[{"embeddable":true,"href":"https:\/\/oliuan.com.mx\/index.php\/wp-json\/wp\/v2\/users\/1"}],"replies":[{"embeddable":true,"href":"https:\/\/oliuan.com.mx\/index.php\/wp-json\/wp\/v2\/comments?post=10"}],"version-history":[{"count":6,"href":"https:\/\/oliuan.com.mx\/index.php\/wp-json\/wp\/v2\/pages\/10\/revisions"}],"predecessor-version":[{"id":40,"href":"https:\/\/oliuan.com.mx\/index.php\/wp-json\/wp\/v2\/pages\/10\/revisions\/40"}],"wp:attachment":[{"href":"https:\/\/oliuan.com.mx\/index.php\/wp-json\/wp\/v2\/media?parent=10"}],"curies":[{"name":"wp","href":"https:\/\/api.w.org\/{rel}","templated":true}]}}